{"id":303,"date":"2020-03-27T14:06:54","date_gmt":"2020-03-27T14:06:54","guid":{"rendered":"http:\/\/localhost\/projects\/Neve-music-band\/?page_id=303"},"modified":"2024-04-17T15:05:13","modified_gmt":"2024-04-17T15:05:13","slug":"artistes","status":"publish","type":"page","link":"http:\/\/lechampdesbaleines.com\/index.php\/artistes\/","title":{"rendered":"ARTISTES"},"content":{"rendered":"\n<div id=\"wp-block-themeisle-blocks-advanced-columns-d6417b03\" class=\"wp-block-themeisle-blocks-advanced-columns has-1-columns has-desktop-equal-layout has-tablet-equal-layout has-mobile-equal-layout has-vertical-unset\"><div class=\"wp-block-themeisle-blocks-advanced-columns-overlay\"><\/div><div class=\"innerblocks-wrap\">\n<div id=\"wp-block-themeisle-blocks-advanced-column-c81b282d\" class=\"wp-block-themeisle-blocks-advanced-column\">\n<h1 id=\"wp-block-themeisle-blocks-advanced-heading-75e01431\" class=\"wp-block-themeisle-blocks-advanced-heading wp-block-themeisle-blocks-advanced-heading-75e01431\">ARTISTES<\/h1>\n<\/div>\n<\/div><\/div>\n\n\n\n<div id=\"wp-block-themeisle-blocks-advanced-columns-11218c99\" class=\"wp-block-themeisle-blocks-advanced-columns has-1-columns has-desktop-equal-layout has-tablet-equal-layout has-mobile-equal-layout has-vertical-unset\"><div class=\"wp-block-themeisle-blocks-advanced-columns-overlay\"><\/div><div class=\"innerblocks-wrap\">\n<div id=\"wp-block-themeisle-blocks-advanced-column-09c255d0\" class=\"wp-block-themeisle-blocks-advanced-column\">\n<div class=\"is-layout-flex wp-container-3 wp-block-columns\">\n<div class=\"is-layout-flow wp-block-column has-nv-dark-bg-color has-text-color\" style=\"flex-basis:33.33%\">\n<figure class=\"wp-block-image size-medium\"><a href=\"http:\/\/lechampdesbaleines.com\/index.php\/atlas4tet\/\"><img decoding=\"async\" loading=\"lazy\" width=\"300\" height=\"268\" src=\"http:\/\/lechampdesbaleines.com\/wp-content\/uploads\/2023\/01\/Pochette-Atlas-Eclipse-face-300x268.jpg\" alt=\"\" class=\"wp-image-10\" srcset=\"http:\/\/lechampdesbaleines.com\/wp-content\/uploads\/2023\/01\/Pochette-Atlas-Eclipse-face-300x268.jpg 300w, http:\/\/lechampdesbaleines.com\/wp-content\/uploads\/2023\/01\/Pochette-Atlas-Eclipse-face-1024x914.jpg 1024w, http:\/\/lechampdesbaleines.com\/wp-content\/uploads\/2023\/01\/Pochette-Atlas-Eclipse-face-768x686.jpg 768w, http:\/\/lechampdesbaleines.com\/wp-content\/uploads\/2023\/01\/Pochette-Atlas-Eclipse-face-1536x1372.jpg 1536w, http:\/\/lechampdesbaleines.com\/wp-content\/uploads\/2023\/01\/Pochette-Atlas-Eclipse-face.jpg 1654w\" sizes=\"(max-width: 300px) 100vw, 300px\" \/><\/a><\/figure>\n<\/div>\n\n\n\n<div class=\"is-layout-flow wp-block-column has-nv-dark-bg-color has-text-color\" style=\"flex-basis:66.66%\">\n<h2 class=\"has-neve-text-color-color has-text-color\"><a href=\"http:\/\/lechampdesbaleines.com\/index.php\/atlas4tet\/\" data-type=\"page\" data-id=\"306\">ATLAS<\/a><\/h2>\n\n\n\n<p>ATLAS s\u2019affranchit des codes et creuse son sillon dans les musiques modales, revisitant tout autant le jazz fusion que le rock progressif ou les musiques \u00e9lectro, s\u2019autorisant tous les d\u00e9tours pour atteindre la transe rythmique intense qui porte ses m\u00e9lodies.<\/p>\n\n\n\n<p>En d\u00e9coule un genre hybride et multiple, prouvant que comme l\u2019humain, la musique ne peut se r\u00e9duire \u00e0 une origine ou une \u00e9tiquette unique.<\/p>\n\n\n\n<p class=\"has-neve-text-color-color has-text-color\"><a href=\"http:\/\/lechampdesbaleines.com\/index.php\/atlas4tet\/\" data-type=\"page\" data-id=\"306\">Plus d&rsquo;informations<\/a><\/p>\n<\/div>\n<\/div>\n<\/div>\n<\/div><\/div>\n\n\n\n<div id=\"wp-block-themeisle-blocks-advanced-columns-e026932d\" class=\"wp-block-themeisle-blocks-advanced-columns has-1-columns has-desktop-oneTwo-layout has-tablet-equal-layout has-mobile-collapsedRows-layout has-vertical-unset\"><div class=\"wp-block-themeisle-blocks-advanced-columns-overlay\"><\/div><div class=\"innerblocks-wrap\">\n<div id=\"wp-block-themeisle-blocks-advanced-column-a3f2c785\" class=\"wp-block-themeisle-blocks-advanced-column\">\n<div class=\"is-layout-flex wp-container-6 wp-block-columns\">\n<div class=\"is-layout-flow wp-block-column\" style=\"flex-basis:66.66%\">\n<h2 class=\"has-neve-text-color-color has-text-color\"><a href=\"http:\/\/lechampdesbaleines.com\/index.php\/bezzib\/\" data-type=\"page\" data-id=\"660\">BEZZIB<\/a><\/h2>\n\n\n\n<p>Imaginer un mouvement ininterrompu. Entrer dans le flux musical comme emport\u00e9 par les ondes oc\u00e9aniques. S\u2019\u00e9craser puis remonter la vague. Suivre le courant d\u2019\u00e9v\u00e9nements musicaux, oscillant entre des moments calmes et m\u00e9lodiques qui se contrebalancent avec des impulsions plus rythmiques, comparables \u00e0 des ondulations musicales aux couleurs et \u00e9nergies vari\u00e9es et singuli\u00e8res. Et lier tous ces fragments \u00e9pars en une seule ligne \u00e9volutive, pour tenir en haleine l\u2019auditeur.<\/p>\n\n\n\n<p class=\"has-neve-text-color-color has-text-color\"><a href=\"http:\/\/lechampdesbaleines.com\/index.php\/bezzib\/\" data-type=\"page\" data-id=\"660\">Plus d&rsquo;informations<\/a><\/p>\n<\/div>\n\n\n\n<div class=\"is-layout-flow wp-block-column\" style=\"flex-basis:33.33%\">\n<figure class=\"wp-block-image size-medium\"><a href=\"http:\/\/lechampdesbaleines.com\/index.php\/bezzib\/\"><img decoding=\"async\" loading=\"lazy\" width=\"300\" height=\"300\" src=\"http:\/\/lechampdesbaleines.com\/wp-content\/uploads\/2023\/01\/Fond-Bezzib-edited-300x300.jpg\" alt=\"\" class=\"wp-image-12\" srcset=\"http:\/\/lechampdesbaleines.com\/wp-content\/uploads\/2023\/01\/Fond-Bezzib-edited-300x300.jpg 300w, http:\/\/lechampdesbaleines.com\/wp-content\/uploads\/2023\/01\/Fond-Bezzib-edited-1024x1024.jpg 1024w, http:\/\/lechampdesbaleines.com\/wp-content\/uploads\/2023\/01\/Fond-Bezzib-edited-150x150.jpg 150w, http:\/\/lechampdesbaleines.com\/wp-content\/uploads\/2023\/01\/Fond-Bezzib-edited-768x768.jpg 768w, http:\/\/lechampdesbaleines.com\/wp-content\/uploads\/2023\/01\/Fond-Bezzib-edited-1536x1536.jpg 1536w, http:\/\/lechampdesbaleines.com\/wp-content\/uploads\/2023\/01\/Fond-Bezzib-edited-2048x2048.jpg 2048w\" sizes=\"(max-width: 300px) 100vw, 300px\" \/><\/a><\/figure>\n<\/div>\n<\/div>\n<\/div>\n<\/div><\/div>\n\n\n\n<div id=\"wp-block-themeisle-blocks-advanced-columns-1adf46c4\" class=\"wp-block-themeisle-blocks-advanced-columns has-1-columns has-desktop-equal-layout has-tablet-equal-layout has-mobile-equal-layout has-vertical-unset\"><div class=\"wp-block-themeisle-blocks-advanced-columns-overlay\"><\/div><div class=\"innerblocks-wrap\">\n<div id=\"wp-block-themeisle-blocks-advanced-column-3dcbaeb8\" class=\"wp-block-themeisle-blocks-advanced-column\">\n<div class=\"is-layout-flex wp-container-9 wp-block-columns\">\n<div class=\"is-layout-flow wp-block-column\" style=\"flex-basis:33.33%\">\n<figure class=\"wp-block-image size-large is-resized\"><a href=\"http:\/\/lechampdesbaleines.com\/index.php\/megaptera\/\"><img decoding=\"async\" loading=\"lazy\" src=\"http:\/\/lechampdesbaleines.com\/wp-content\/uploads\/2023\/04\/megaptera-1-scaled-e1682088967384-1024x1024.jpg\" alt=\"\" class=\"wp-image-713\" width=\"300\" height=\"300\" srcset=\"http:\/\/lechampdesbaleines.com\/wp-content\/uploads\/2023\/04\/megaptera-1-scaled-e1682088967384-1024x1024.jpg 1024w, http:\/\/lechampdesbaleines.com\/wp-content\/uploads\/2023\/04\/megaptera-1-scaled-e1682088967384-300x300.jpg 300w, http:\/\/lechampdesbaleines.com\/wp-content\/uploads\/2023\/04\/megaptera-1-scaled-e1682088967384-150x150.jpg 150w, http:\/\/lechampdesbaleines.com\/wp-content\/uploads\/2023\/04\/megaptera-1-scaled-e1682088967384-768x768.jpg 768w, http:\/\/lechampdesbaleines.com\/wp-content\/uploads\/2023\/04\/megaptera-1-scaled-e1682088967384-1536x1536.jpg 1536w, http:\/\/lechampdesbaleines.com\/wp-content\/uploads\/2023\/04\/megaptera-1-scaled-e1682088967384.jpg 1817w\" sizes=\"(max-width: 300px) 100vw, 300px\" \/><\/a><\/figure>\n<\/div>\n\n\n\n<div class=\"is-layout-flow wp-block-column\" style=\"flex-basis:66.66%\">\n<h2 class=\"has-neve-text-color-color has-text-color\"><a href=\"http:\/\/lechampdesbaleines.com\/index.php\/megaptera\/\" data-type=\"page\" data-id=\"682\">MEGAPTERA<\/a><\/h2>\n\n\n\n<p>Megaptera est un concert en solo conceptuel qui nous imagine un temps vivre aupr\u00e8s des baleines \u00e0 bosses et baleines bor\u00e9ales. C\u2019est un dialogue fantasm\u00e9 entre contrebasse et baleines qui rend compte de leur vie secr\u00e8te et raconte une partie de leur histoire avec les humains. C\u2019est aussi un moment en suspens qui cherche \u00e0 provoquer le sentiment oc\u00e9anique et encourage l\u2019introspection.<\/p>\n\n\n\n<p class=\"has-neve-text-color-color has-text-color\"><a href=\"http:\/\/lechampdesbaleines.com\/index.php\/megaptera\/\" data-type=\"page\" data-id=\"682\">Plus d&rsquo;informations<\/a><\/p>\n<\/div>\n<\/div>\n<\/div>\n<\/div><\/div>\n","protected":false},"excerpt":{"rendered":"","protected":false},"author":1,"featured_media":0,"parent":0,"menu_order":0,"comment_status":"closed","ping_status":"closed","template":"page-templates\/template-pagebuilder-full-width.php","meta":{"neve_meta_sidebar":"full-width","neve_meta_container":"contained","neve_meta_enable_content_width":"on","neve_meta_content_width":100,"neve_meta_title_alignment":"","neve_meta_author_avatar":"","neve_post_elements_order":"","neve_meta_disable_header":"","neve_meta_disable_footer":"","neve_meta_disable_title":"","_themeisle_gutenberg_block_has_review":false,"_ti_tpc_template_sync":false,"_ti_tpc_template_id":"kavdg5jr9xq0syic6qj3"},"_links":{"self":[{"href":"http:\/\/lechampdesbaleines.com\/index.php\/wp-json\/wp\/v2\/pages\/303"}],"collection":[{"href":"http:\/\/lechampdesbaleines.com\/index.php\/wp-json\/wp\/v2\/pages"}],"about":[{"href":"http:\/\/lechampdesbaleines.com\/index.php\/wp-json\/wp\/v2\/types\/page"}],"author":[{"embeddable":true,"href":"http:\/\/lechampdesbaleines.com\/index.php\/wp-json\/wp\/v2\/users\/1"}],"replies":[{"embeddable":true,"href":"http:\/\/lechampdesbaleines.com\/index.php\/wp-json\/wp\/v2\/comments?post=303"}],"version-history":[{"count":33,"href":"http:\/\/lechampdesbaleines.com\/index.php\/wp-json\/wp\/v2\/pages\/303\/revisions"}],"predecessor-version":[{"id":931,"href":"http:\/\/lechampdesbaleines.com\/index.php\/wp-json\/wp\/v2\/pages\/303\/revisions\/931"}],"wp:attachment":[{"href":"http:\/\/lechampdesbaleines.com\/index.php\/wp-json\/wp\/v2\/media?parent=303"}],"curies":[{"name":"wp","href":"https:\/\/api.w.org\/{rel}","templated":true}]}}