{"id":306,"date":"2020-03-27T14:18:22","date_gmt":"2020-03-27T14:18:22","guid":{"rendered":"http:\/\/localhost\/projects\/Neve-music-band\/?page_id=306"},"modified":"2024-10-10T13:21:54","modified_gmt":"2024-10-10T13:21:54","slug":"atlas4tet","status":"publish","type":"page","link":"http:\/\/lechampdesbaleines.com\/index.php\/atlas4tet\/","title":{"rendered":"Atlas"},"content":{"rendered":"\n<div id=\"wp-block-themeisle-blocks-advanced-columns-539bfef7\" class=\"wp-block-themeisle-blocks-advanced-columns alignfull has-1-columns has-desktop-equal-layout has-tablet-equal-layout has-mobile-equal-layout has-vertical-unset\"><div class=\"wp-block-themeisle-blocks-advanced-columns-overlay\"><\/div><div class=\"innerblocks-wrap\">\n<div id=\"wp-block-themeisle-blocks-advanced-column-3d912051\" class=\"wp-block-themeisle-blocks-advanced-column\">\n<h2 id=\"wp-block-themeisle-blocks-advanced-heading-69e54eb2\" class=\"wp-block-themeisle-blocks-advanced-heading wp-block-themeisle-blocks-advanced-heading-69e54eb2\">ATLAS<\/h2>\n<\/div>\n<\/div><\/div>\n\n\n\n<div class=\"is-layout-constrained wp-block-group\"><div class=\"wp-block-group__inner-container\">\n<div id=\"wp-block-themeisle-blocks-advanced-columns-0c2ccac9\" class=\"wp-block-themeisle-blocks-advanced-columns alignfull has-2-columns has-desktop-equal-layout has-tablet-equal-layout has-mobile-collapsedRows-layout has-vertical-center\"><div class=\"wp-block-themeisle-blocks-advanced-columns-overlay\"><\/div><div class=\"innerblocks-wrap\">\n<div id=\"wp-block-themeisle-blocks-advanced-column-744c7705\" class=\"wp-block-themeisle-blocks-advanced-column\">\n<p>ATLAS s\u2019affranchit des codes et creuse son sillon dans les musiques modales, revisitant tout autant le jazz fusion que le rock progressif ou les musiques \u00e9lectro, s\u2019autorisant<br>tous les d\u00e9tours pour atteindre la transe rythmique intense qui porte ses m\u00e9lodies.<br>En d\u00e9coule un genre hybride et multiple, prouvant que comme l\u2019humain,<br>la musique ne peut se r\u00e9duire \u00e0 une origine ou une \u00e9tiquette unique.<\/p>\n\n\n\n<p><strong>Line up :<\/strong><br><strong>L\u00e9o Delay <\/strong>: Batterie\/percussions<br><strong>Nicolas Canavaggia<\/strong> : Basse\/contrebasse<br><strong>Romain Maitrot<\/strong> : Trompette\/bugle\/synth\u00e9<br><strong>L\u00e9o Molinari<\/strong> : Guitare\/synth\u00e9\/voix<\/p>\n<\/div>\n\n\n\n<div id=\"wp-block-themeisle-blocks-advanced-column-476cfb53\" class=\"wp-block-themeisle-blocks-advanced-column\"><div class=\"wp-block-image\">\n<figure class=\"aligncenter size-large is-resized\"><img decoding=\"async\" loading=\"lazy\" src=\"http:\/\/lechampdesbaleines.com\/wp-content\/uploads\/2023\/04\/Photo-Atlas-2023-1024x768.jpg\" alt=\"\" class=\"wp-image-632\" width=\"512\" height=\"384\" srcset=\"http:\/\/lechampdesbaleines.com\/wp-content\/uploads\/2023\/04\/Photo-Atlas-2023-1024x768.jpg 1024w, http:\/\/lechampdesbaleines.com\/wp-content\/uploads\/2023\/04\/Photo-Atlas-2023-300x225.jpg 300w, http:\/\/lechampdesbaleines.com\/wp-content\/uploads\/2023\/04\/Photo-Atlas-2023-768x576.jpg 768w, http:\/\/lechampdesbaleines.com\/wp-content\/uploads\/2023\/04\/Photo-Atlas-2023-1536x1152.jpg 1536w, http:\/\/lechampdesbaleines.com\/wp-content\/uploads\/2023\/04\/Photo-Atlas-2023-2048x1536.jpg 2048w\" sizes=\"(max-width: 512px) 100vw, 512px\" \/><\/figure><\/div><\/div>\n<\/div><\/div>\n<\/div><\/div>\n\n\n\n<div class=\"is-layout-constrained wp-block-group has-nv-dark-bg-color has-nv-light-bg-background-color has-text-color has-background\"><div class=\"wp-block-group__inner-container\">\n<div id=\"wp-block-themeisle-blocks-advanced-columns-efea21dd\" class=\"wp-block-themeisle-blocks-advanced-columns has-1-columns has-desktop-equal-layout has-tablet-equal-layout has-mobile-equal-layout has-vertical-unset\"><div class=\"wp-block-themeisle-blocks-advanced-columns-overlay\"><\/div><div class=\"innerblocks-wrap\">\n<div id=\"wp-block-themeisle-blocks-advanced-column-67f6d99e\" class=\"wp-block-themeisle-blocks-advanced-column\">\n<h2 id=\"wp-block-themeisle-blocks-advanced-heading-440a4e76\" class=\"wp-block-themeisle-blocks-advanced-heading wp-block-themeisle-blocks-advanced-heading-440a4e76\">Videos &#8211; Interviews &#8211; live sessions<\/h2>\n<\/div>\n<\/div><\/div>\n\n\n\n<div id=\"wp-block-themeisle-blocks-advanced-columns-711d183a\" class=\"wp-block-themeisle-blocks-advanced-columns alignfull has-3-columns has-desktop-equal-layout has-tablet-equal-layout has-mobile-collapsedRows-layout has-vertical-center\"><div class=\"wp-block-themeisle-blocks-advanced-columns-overlay\"><\/div><div class=\"innerblocks-wrap\">\n<div id=\"wp-block-themeisle-blocks-advanced-column-848ba07b\" class=\"wp-block-themeisle-blocks-advanced-column\">\n<figure class=\"wp-block-embed is-type-video is-provider-youtube wp-block-embed-youtube wp-embed-aspect-16-9 wp-has-aspect-ratio\"><div class=\"wp-block-embed__wrapper\">\n<div class=\"nv-iframe-embed\"><iframe loading=\"lazy\" title=\"Atlas 4tet - Teaser d&#039;album &quot;Eclipse&quot;\" width=\"1200\" height=\"675\" src=\"https:\/\/www.youtube.com\/embed\/WouokOhvnVA?feature=oembed\" frameborder=\"0\" allow=\"accelerometer; autoplay; clipboard-write; encrypted-media; gyroscope; picture-in-picture; web-share\" referrerpolicy=\"strict-origin-when-cross-origin\" allowfullscreen><\/iframe><\/div>\n<\/div><figcaption class=\"wp-element-caption\">Teaser d&rsquo;album<\/figcaption><\/figure>\n<\/div>\n\n\n\n<div id=\"wp-block-themeisle-blocks-advanced-column-9e860110\" class=\"wp-block-themeisle-blocks-advanced-column\">\n<figure class=\"wp-block-embed is-type-video is-provider-youtube wp-block-embed-youtube wp-embed-aspect-16-9 wp-has-aspect-ratio\"><div class=\"wp-block-embed__wrapper\">\n<div class=\"nv-iframe-embed\"><iframe loading=\"lazy\" title=\"#studio3 : un vent orientalisant souffle sur le jazz d&#039;Atlas 4tet\" width=\"1200\" height=\"675\" src=\"https:\/\/www.youtube.com\/embed\/o5vt7h7Yy5k?feature=oembed\" frameborder=\"0\" allow=\"accelerometer; autoplay; clipboard-write; encrypted-media; gyroscope; picture-in-picture; web-share\" referrerpolicy=\"strict-origin-when-cross-origin\" allowfullscreen><\/iframe><\/div>\n<\/div><figcaption class=\"wp-element-caption\">#Studio 3 &#8211; France 3 BFC &#8211; Live session<\/figcaption><\/figure>\n<\/div>\n\n\n\n<div id=\"wp-block-themeisle-blocks-advanced-column-f65d99b8\" class=\"wp-block-themeisle-blocks-advanced-column\">\n<figure class=\"wp-block-embed is-type-video is-provider-youtube wp-block-embed-youtube wp-embed-aspect-16-9 wp-has-aspect-ratio\"><div class=\"wp-block-embed__wrapper\">\n<div class=\"nv-iframe-embed\"><iframe loading=\"lazy\" title=\"Atlas\" width=\"1200\" height=\"675\" src=\"https:\/\/www.youtube.com\/embed\/tZQxwxtENSo?list=PL3luLE5a1Cmfjf9uTP_Toe5qGfK4XB_Hb\" frameborder=\"0\" allow=\"accelerometer; autoplay; clipboard-write; encrypted-media; gyroscope; picture-in-picture; web-share\" referrerpolicy=\"strict-origin-when-cross-origin\" allowfullscreen><\/iframe><\/div>\n<\/div><figcaption class=\"wp-element-caption\">#Le Bloc &#8211; Interview et live<\/figcaption><\/figure>\n<\/div>\n<\/div><\/div>\n<\/div><\/div>\n\n\n\n<div class=\"is-layout-constrained wp-block-group\"><div class=\"wp-block-group__inner-container\">\n<div id=\"wp-block-themeisle-blocks-advanced-columns-e3599f7d\" class=\"wp-block-themeisle-blocks-advanced-columns has-1-columns has-desktop-equal-layout has-tablet-equal-layout has-mobile-equal-layout has-vertical-unset\"><div class=\"wp-block-themeisle-blocks-advanced-columns-overlay\"><\/div><div class=\"innerblocks-wrap\">\n<div id=\"wp-block-themeisle-blocks-advanced-column-35e1d422\" class=\"wp-block-themeisle-blocks-advanced-column\">\n<h2 id=\"wp-block-themeisle-blocks-advanced-heading-809cd2e3\" class=\"wp-block-themeisle-blocks-advanced-heading wp-block-themeisle-blocks-advanced-heading-809cd2e3\">Albums<\/h2>\n<\/div>\n<\/div><\/div>\n\n\n\n<div class=\"is-layout-flex wp-container-9 wp-block-columns\">\n<div class=\"is-layout-flow wp-block-column\" style=\"flex-basis:25%\"><div class=\"wp-block-image\">\n<figure class=\"wp-duotone-unset-3 alignright size-medium is-resized\" id=\"wp-block-themeisle-blocks-image-d77e47e8\"><img decoding=\"async\" loading=\"lazy\" src=\"http:\/\/lechampdesbaleines.com\/wp-content\/uploads\/2023\/01\/Pochette-Atlas-Eclipse-face-300x268.jpg\" alt=\"\" class=\"wp-image-10\" width=\"300\" height=\"268\" srcset=\"http:\/\/lechampdesbaleines.com\/wp-content\/uploads\/2023\/01\/Pochette-Atlas-Eclipse-face-300x268.jpg 300w, http:\/\/lechampdesbaleines.com\/wp-content\/uploads\/2023\/01\/Pochette-Atlas-Eclipse-face-1024x914.jpg 1024w, http:\/\/lechampdesbaleines.com\/wp-content\/uploads\/2023\/01\/Pochette-Atlas-Eclipse-face-768x686.jpg 768w, http:\/\/lechampdesbaleines.com\/wp-content\/uploads\/2023\/01\/Pochette-Atlas-Eclipse-face-1536x1372.jpg 1536w, http:\/\/lechampdesbaleines.com\/wp-content\/uploads\/2023\/01\/Pochette-Atlas-Eclipse-face.jpg 1654w\" sizes=\"(max-width: 300px) 100vw, 300px\" \/><\/figure><\/div><\/div>\n\n\n\n<div class=\"is-layout-flow wp-block-column\" style=\"flex-basis:25%\">\n<h3 id=\"wp-block-themeisle-blocks-advanced-heading-953d072d\" class=\"wp-block-themeisle-blocks-advanced-heading wp-block-themeisle-blocks-advanced-heading-953d072d\">ECLIPSE (2020)<\/h3>\n\n\n\n<p>Enregistr\u00e9, mix\u00e9 et masteris\u00e9 par Guillaume Toullec<br>assist\u00e9 de Matthieu Gaud<br>Artwork ZZ studio<\/p>\n\n\n\n<p>Distribution : <em>InOu\u00efe Distribution<\/em><br>Production : <em class=\"\">Le Champ des Baleines<\/em><\/p>\n\n\n\n<div id=\"wp-block-themeisle-blocks-button-group-b6abc4bb\" class=\"wp-block-themeisle-blocks-button-group collapse-mobile wp-block-buttons\">\n<div id=\"wp-block-themeisle-blocks-button-a8fd87d4\" class=\"wp-block-themeisle-blocks-button wp-block-button is-style-fill\"><a href=\"https:\/\/atlas4tet.bandcamp.com\/album\/eclipse\" target=\"_blank\" rel=\"noopener noreferrer\" class=\"wp-block-button__link\"><i class=\"fab fa-fw fa-bandcamp margin-right\"><\/i><span><\/span><\/a><\/div>\n<\/div>\n<\/div>\n\n\n\n<div class=\"is-layout-flow wp-block-column\" style=\"flex-basis:25%\">\n<h3 id=\"wp-block-themeisle-blocks-advanced-heading-b24059cf\" class=\"wp-block-themeisle-blocks-advanced-heading wp-block-themeisle-blocks-advanced-heading-b24059cf\">SPACE SPAGHETTI &#8211; Sortie le 8\/12\/2023<\/h3>\n\n\n\n<p>Enregistr\u00e9 et mix\u00e9 par Thomas Olivieri<br>Masteris\u00e9 par Christophe Darlot<br>Artwork Pascale Roux<\/p>\n\n\n\n<p>Distribution : <em>InOu\u00efe Distribution<\/em><br>Production : <em class=\"\">Le Champ des Baleines<\/em><\/p>\n\n\n\n<div id=\"wp-block-themeisle-blocks-button-group-62489b62\" class=\"wp-block-themeisle-blocks-button-group collapse-mobile wp-block-buttons align-center\">\n<div id=\"wp-block-themeisle-blocks-button-1cd57b7b\" class=\"wp-block-themeisle-blocks-button wp-block-button is-style-fill\"><a href=\"https:\/\/bfan.link\/space-spaghetti\" target=\"_self\" rel=\"noopener noreferrer\" class=\"wp-block-button__link\"><i class=\"fas fa-fw fa-music margin-right\"><\/i><span><\/span><\/a><\/div>\n\n\n\n<div id=\"wp-block-themeisle-blocks-button-82b4f5fd\" class=\"wp-block-themeisle-blocks-button wp-block-button\"><a href=\"https:\/\/atlas4tet.bandcamp.com\/album\/space-spaghetti\" target=\"_blank\" rel=\"noopener noreferrer\" class=\"wp-block-button__link\"><i class=\"fab fa-fw fa-bandcamp margin-right\"><\/i><span><\/span><\/a><\/div>\n<\/div>\n<\/div>\n\n\n\n<div class=\"is-layout-flow wp-block-column\" style=\"flex-basis:25%\"><div class=\"wp-block-image\">\n<figure class=\"wp-duotone-unset-7 alignleft size-medium is-resized\" id=\"wp-block-themeisle-blocks-image-1c3e5c7e\"><img decoding=\"async\" loading=\"lazy\" src=\"http:\/\/lechampdesbaleines.com\/wp-content\/uploads\/2023\/11\/Visuel-Space-Spaghetti-300x300.jpg\" alt=\"\" class=\"wp-image-870\" width=\"300\" height=\"300\" srcset=\"http:\/\/lechampdesbaleines.com\/wp-content\/uploads\/2023\/11\/Visuel-Space-Spaghetti-300x300.jpg 300w, http:\/\/lechampdesbaleines.com\/wp-content\/uploads\/2023\/11\/Visuel-Space-Spaghetti-1024x1024.jpg 1024w, http:\/\/lechampdesbaleines.com\/wp-content\/uploads\/2023\/11\/Visuel-Space-Spaghetti-150x150.jpg 150w, http:\/\/lechampdesbaleines.com\/wp-content\/uploads\/2023\/11\/Visuel-Space-Spaghetti-768x768.jpg 768w, http:\/\/lechampdesbaleines.com\/wp-content\/uploads\/2023\/11\/Visuel-Space-Spaghetti.jpg 1440w\" sizes=\"(max-width: 300px) 100vw, 300px\" \/><\/figure><\/div><\/div>\n<\/div>\n<\/div><\/div>\n\n\n\n<div class=\"is-layout-constrained wp-block-group has-nv-light-bg-background-color has-background\"><div class=\"wp-block-group__inner-container\">\n<div id=\"wp-block-themeisle-blocks-advanced-columns-eada7123\" class=\"wp-block-themeisle-blocks-advanced-columns has-1-columns has-desktop-equal-layout has-tablet-equal-layout has-mobile-equal-layout has-vertical-unset\"><div class=\"wp-block-themeisle-blocks-advanced-columns-overlay\"><\/div><div class=\"innerblocks-wrap\">\n<div id=\"wp-block-themeisle-blocks-advanced-column-f5a8417f\" class=\"wp-block-themeisle-blocks-advanced-column\">\n<h2 id=\"wp-block-themeisle-blocks-advanced-heading-9a22d4a2\" class=\"wp-block-themeisle-blocks-advanced-heading wp-block-themeisle-blocks-advanced-heading-9a22d4a2\">Presse &#8211; Photos<\/h2>\n<\/div>\n<\/div><\/div>\n\n\n\n<div id=\"wp-block-themeisle-blocks-advanced-columns-689792a4\" class=\"wp-block-themeisle-blocks-advanced-columns alignfull has-1-columns has-desktop-equal-layout has-tablet-equal-layout has-mobile-collapsedRows-layout has-vertical-unset\"><div class=\"wp-block-themeisle-blocks-advanced-columns-overlay\"><\/div><div class=\"innerblocks-wrap\">\n<div id=\"wp-block-themeisle-blocks-advanced-column-b7c1ee23\" class=\"wp-block-themeisle-blocks-advanced-column\"><div class=\"wp-block-image\">\n<figure class=\"aligncenter size-large is-resized\"><a href=\"http:\/\/lechampdesbaleines.com\/wp-content\/uploads\/2023\/03\/Tempo-fevrier-2022.pdf\" target=\"_blank\" rel=\"noreferrer noopener\"><img decoding=\"async\" loading=\"lazy\" src=\"http:\/\/lechampdesbaleines.com\/wp-content\/uploads\/2023\/03\/vignette-article-CRJ-1024x778.jpg\" alt=\"\" class=\"wp-image-595\" width=\"256\" height=\"195\" srcset=\"http:\/\/lechampdesbaleines.com\/wp-content\/uploads\/2023\/03\/vignette-article-CRJ-1024x778.jpg 1024w, http:\/\/lechampdesbaleines.com\/wp-content\/uploads\/2023\/03\/vignette-article-CRJ-300x228.jpg 300w, http:\/\/lechampdesbaleines.com\/wp-content\/uploads\/2023\/03\/vignette-article-CRJ-768x583.jpg 768w, http:\/\/lechampdesbaleines.com\/wp-content\/uploads\/2023\/03\/vignette-article-CRJ.jpg 1521w\" sizes=\"(max-width: 256px) 100vw, 256px\" \/><\/a><figcaption class=\"wp-element-caption\">Article Tempo Magazine &#8211; 2022<\/figcaption><\/figure><\/div><\/div>\n<\/div><\/div>\n\n\n\n<div id=\"wp-block-themeisle-blocks-advanced-columns-09562805\" class=\"wp-block-themeisle-blocks-advanced-columns alignfull has-1-columns has-desktop-equal-layout has-tablet-equal-layout has-mobile-equal-layout has-vertical-unset\"><div class=\"wp-block-themeisle-blocks-advanced-columns-overlay\"><\/div><div class=\"innerblocks-wrap\">\n<div id=\"wp-block-themeisle-blocks-advanced-column-af0b589b\" class=\"wp-block-themeisle-blocks-advanced-column\">\n<figure class=\"is-layout-flex wp-block-gallery-11 wp-block-gallery has-nested-images columns-default is-cropped\">\n<figure class=\"wp-block-image size-large\"><img decoding=\"async\" loading=\"lazy\" width=\"1024\" height=\"683\" src=\"http:\/\/lechampdesbaleines.com\/wp-content\/uploads\/2023\/12\/Atlas-Anthropo-2023-1024x683.jpg\" alt=\"\" class=\"wp-image-912\" srcset=\"http:\/\/lechampdesbaleines.com\/wp-content\/uploads\/2023\/12\/Atlas-Anthropo-2023-1024x683.jpg 1024w, http:\/\/lechampdesbaleines.com\/wp-content\/uploads\/2023\/12\/Atlas-Anthropo-2023-300x200.jpg 300w, http:\/\/lechampdesbaleines.com\/wp-content\/uploads\/2023\/12\/Atlas-Anthropo-2023-768x512.jpg 768w, http:\/\/lechampdesbaleines.com\/wp-content\/uploads\/2023\/12\/Atlas-Anthropo-2023-1536x1024.jpg 1536w, http:\/\/lechampdesbaleines.com\/wp-content\/uploads\/2023\/12\/Atlas-Anthropo-2023-2048x1366.jpg 2048w, http:\/\/lechampdesbaleines.com\/wp-content\/uploads\/2023\/12\/Atlas-Anthropo-2023-930x620.jpg 930w\" sizes=\"(max-width: 1024px) 100vw, 1024px\" \/><figcaption class=\"wp-element-caption\">L&rsquo;Anthropo, d\u00e9c. 23<\/figcaption><\/figure>\n\n\n\n<figure class=\"wp-block-image size-large\"><img decoding=\"async\" loading=\"lazy\" width=\"1024\" height=\"576\" src=\"http:\/\/lechampdesbaleines.com\/wp-content\/uploads\/2023\/03\/Atlas-Semur-1024x576.jpg\" alt=\"\" class=\"wp-image-598\" srcset=\"http:\/\/lechampdesbaleines.com\/wp-content\/uploads\/2023\/03\/Atlas-Semur-1024x576.jpg 1024w, http:\/\/lechampdesbaleines.com\/wp-content\/uploads\/2023\/03\/Atlas-Semur-300x169.jpg 300w, http:\/\/lechampdesbaleines.com\/wp-content\/uploads\/2023\/03\/Atlas-Semur-768x432.jpg 768w, http:\/\/lechampdesbaleines.com\/wp-content\/uploads\/2023\/03\/Atlas-Semur-1536x864.jpg 1536w, http:\/\/lechampdesbaleines.com\/wp-content\/uploads\/2023\/03\/Atlas-Semur.jpg 1920w\" sizes=\"(max-width: 1024px) 100vw, 1024px\" \/><figcaption class=\"wp-element-caption\">Jazz \u00e0 Semur, juil. 22<\/figcaption><\/figure>\n\n\n\n<figure class=\"wp-block-image size-large\"><img decoding=\"async\" loading=\"lazy\" width=\"1024\" height=\"512\" src=\"http:\/\/lechampdesbaleines.com\/wp-content\/uploads\/2023\/03\/Atlas-Creon-c-Philippe-Marzat-1024x512.jpg\" alt=\"\" class=\"wp-image-597\" srcset=\"http:\/\/lechampdesbaleines.com\/wp-content\/uploads\/2023\/03\/Atlas-Creon-c-Philippe-Marzat-1024x512.jpg 1024w, http:\/\/lechampdesbaleines.com\/wp-content\/uploads\/2023\/03\/Atlas-Creon-c-Philippe-Marzat-300x150.jpg 300w, http:\/\/lechampdesbaleines.com\/wp-content\/uploads\/2023\/03\/Atlas-Creon-c-Philippe-Marzat-768x384.jpg 768w, http:\/\/lechampdesbaleines.com\/wp-content\/uploads\/2023\/03\/Atlas-Creon-c-Philippe-Marzat.jpg 1280w\" sizes=\"(max-width: 1024px) 100vw, 1024px\" \/><figcaption class=\"wp-element-caption\">Jazz \u00e0 Cr\u00e9on, f\u00e9v. 22<\/figcaption><\/figure>\n\n\n\n<figure class=\"wp-block-image size-large\"><img decoding=\"async\" loading=\"lazy\" width=\"1024\" height=\"683\" src=\"http:\/\/lechampdesbaleines.com\/wp-content\/uploads\/2023\/03\/Atlas-Couches-c-Florian-Jannot-Caeillete-CRJ-BFC-1024x683.jpg\" alt=\"\" class=\"wp-image-596\" srcset=\"http:\/\/lechampdesbaleines.com\/wp-content\/uploads\/2023\/03\/Atlas-Couches-c-Florian-Jannot-Caeillete-CRJ-BFC-1024x683.jpg 1024w, http:\/\/lechampdesbaleines.com\/wp-content\/uploads\/2023\/03\/Atlas-Couches-c-Florian-Jannot-Caeillete-CRJ-BFC-300x200.jpg 300w, http:\/\/lechampdesbaleines.com\/wp-content\/uploads\/2023\/03\/Atlas-Couches-c-Florian-Jannot-Caeillete-CRJ-BFC-768x512.jpg 768w, http:\/\/lechampdesbaleines.com\/wp-content\/uploads\/2023\/03\/Atlas-Couches-c-Florian-Jannot-Caeillete-CRJ-BFC-1536x1024.jpg 1536w, http:\/\/lechampdesbaleines.com\/wp-content\/uploads\/2023\/03\/Atlas-Couches-c-Florian-Jannot-Caeillete-CRJ-BFC-2048x1365.jpg 2048w, http:\/\/lechampdesbaleines.com\/wp-content\/uploads\/2023\/03\/Atlas-Couches-c-Florian-Jannot-Caeillete-CRJ-BFC-930x620.jpg 930w\" sizes=\"(max-width: 1024px) 100vw, 1024px\" \/><figcaption class=\"wp-element-caption\">Jazz \u00e0 Couche, juil. 22<\/figcaption><\/figure>\n\n\n\n<figure class=\"wp-block-image size-large\"><img decoding=\"async\" loading=\"lazy\" width=\"1024\" height=\"768\" src=\"http:\/\/lechampdesbaleines.com\/wp-content\/uploads\/2023\/12\/Atas-lyceens-2023-c-Julie-Perrusset-1024x768.jpg\" alt=\"\" class=\"wp-image-914\" srcset=\"http:\/\/lechampdesbaleines.com\/wp-content\/uploads\/2023\/12\/Atas-lyceens-2023-c-Julie-Perrusset-1024x768.jpg 1024w, http:\/\/lechampdesbaleines.com\/wp-content\/uploads\/2023\/12\/Atas-lyceens-2023-c-Julie-Perrusset-300x225.jpg 300w, http:\/\/lechampdesbaleines.com\/wp-content\/uploads\/2023\/12\/Atas-lyceens-2023-c-Julie-Perrusset-768x576.jpg 768w, http:\/\/lechampdesbaleines.com\/wp-content\/uploads\/2023\/12\/Atas-lyceens-2023-c-Julie-Perrusset-1536x1152.jpg 1536w, http:\/\/lechampdesbaleines.com\/wp-content\/uploads\/2023\/12\/Atas-lyceens-2023-c-Julie-Perrusset-2048x1536.jpg 2048w\" sizes=\"(max-width: 1024px) 100vw, 1024px\" \/><figcaption class=\"wp-element-caption\">P\u00e9riscope, avr. 23<\/figcaption><\/figure>\n<\/figure>\n<\/div>\n<\/div><\/div>\n<\/div><\/div>\n\n\n\n<div id=\"wp-block-themeisle-blocks-advanced-columns-2ce4b32a\" class=\"wp-block-themeisle-blocks-advanced-columns has-1-columns has-desktop-equal-layout has-tablet-equal-layout has-mobile-equal-layout has-vertical-unset\"><div class=\"wp-block-themeisle-blocks-advanced-columns-overlay\"><\/div><div class=\"innerblocks-wrap\">\n<div id=\"wp-block-themeisle-blocks-advanced-column-3b9df9c7\" class=\"wp-block-themeisle-blocks-advanced-column\">\n<h2 id=\"wp-block-themeisle-blocks-advanced-heading-ac46c23a\" class=\"wp-block-themeisle-blocks-advanced-heading wp-block-themeisle-blocks-advanced-heading-ac46c23a\">Dossier Pro<\/h2>\n\n\n\n<div id=\"wp-block-themeisle-blocks-button-group-0a6b73d3\" class=\"wp-block-themeisle-blocks-button-group collapse-mobile wp-block-buttons align-center\">\n<div id=\"wp-block-themeisle-blocks-button-921b97a8\" class=\"wp-block-themeisle-blocks-button wp-block-button is-style-fill\"><a href=\"https:\/\/drive.google.com\/file\/d\/16OVt7EC_ZSH7ZLIKpi34caQEttbWSCC9\/view?usp=drive_link\" target=\"_blank\" rel=\"noopener noreferrer\" class=\"wp-block-button__link\"><i class=\"fas fa-fw fa-download margin-right\"><\/i><span>DOSSIER DE PRESENTATION<\/span><\/a><\/div>\n\n\n\n<div id=\"wp-block-themeisle-blocks-button-4eb3f91e\" class=\"wp-block-themeisle-blocks-button wp-block-button\"><a href=\"https:\/\/drive.google.com\/file\/d\/16eiNSQ4eXXbTIM_kWGmEXdECpL9j7P7i\/view?usp=sharing\" target=\"_blank\" rel=\"noopener noreferrer\" class=\"wp-block-button__link\"><i class=\"fas fa-fw fa-download margin-right\"><\/i><span>Fiche technique<\/span><\/a><\/div>\n<\/div>\n<\/div>\n<\/div><\/div>\n","protected":false},"excerpt":{"rendered":"<p>Enregistr\u00e9, mix\u00e9 et masteris\u00e9 par Guillaume Toullecassist\u00e9 de Matthieu GaudArtwork ZZ studio Distribution : InOu\u00efe DistributionProduction : Le Champ des Baleines Enregistr\u00e9 et mix\u00e9 par Thomas OlivieriMasteris\u00e9 par Christophe DarlotArtwork Pascale Roux Distribution : InOu\u00efe DistributionProduction : Le Champ des Baleines<\/p>\n","protected":false},"author":1,"featured_media":0,"parent":0,"menu_order":0,"comment_status":"closed","ping_status":"closed","template":"page-templates\/template-pagebuilder-full-width.php","meta":{"neve_meta_sidebar":"full-width","neve_meta_container":"","neve_meta_enable_content_width":"on","neve_meta_content_width":100,"neve_meta_title_alignment":"","neve_meta_author_avatar":"","neve_post_elements_order":"","neve_meta_disable_header":"","neve_meta_disable_footer":"","neve_meta_disable_title":"","_themeisle_gutenberg_block_has_review":false,"_ti_tpc_template_sync":false,"_ti_tpc_template_id":"1qjlm7vwlcouxxbejza5"},"_links":{"self":[{"href":"http:\/\/lechampdesbaleines.com\/index.php\/wp-json\/wp\/v2\/pages\/306"}],"collection":[{"href":"http:\/\/lechampdesbaleines.com\/index.php\/wp-json\/wp\/v2\/pages"}],"about":[{"href":"http:\/\/lechampdesbaleines.com\/index.php\/wp-json\/wp\/v2\/types\/page"}],"author":[{"embeddable":true,"href":"http:\/\/lechampdesbaleines.com\/index.php\/wp-json\/wp\/v2\/users\/1"}],"replies":[{"embeddable":true,"href":"http:\/\/lechampdesbaleines.com\/index.php\/wp-json\/wp\/v2\/comments?post=306"}],"version-history":[{"count":70,"href":"http:\/\/lechampdesbaleines.com\/index.php\/wp-json\/wp\/v2\/pages\/306\/revisions"}],"predecessor-version":[{"id":940,"href":"http:\/\/lechampdesbaleines.com\/index.php\/wp-json\/wp\/v2\/pages\/306\/revisions\/940"}],"wp:attachment":[{"href":"http:\/\/lechampdesbaleines.com\/index.php\/wp-json\/wp\/v2\/media?parent=306"}],"curies":[{"name":"wp","href":"https:\/\/api.w.org\/{rel}","templated":true}]}}