{"id":475,"date":"2023-01-26T20:54:54","date_gmt":"2023-01-26T20:54:54","guid":{"rendered":"http:\/\/lechampdesbaleines.com\/?page_id=475"},"modified":"2024-10-16T08:29:50","modified_gmt":"2024-10-16T08:29:50","slug":"agenda","status":"publish","type":"page","link":"http:\/\/lechampdesbaleines.com\/index.php\/agenda\/","title":{"rendered":"AGENDA"},"content":{"rendered":"\n<div id=\"wp-block-themeisle-blocks-advanced-columns-82b92ef3\" class=\"wp-block-themeisle-blocks-advanced-columns alignfull has-1-columns has-desktop-equal-layout has-tablet-equal-layout has-mobile-equal-layout has-vertical-center\"><div class=\"wp-block-themeisle-blocks-advanced-columns-overlay\"><\/div><div class=\"innerblocks-wrap\">\n<div id=\"wp-block-themeisle-blocks-advanced-column-d2c78966\" class=\"wp-block-themeisle-blocks-advanced-column\">\n<h1 id=\"wp-block-themeisle-blocks-advanced-heading-01a12365\" class=\"wp-block-themeisle-blocks-advanced-heading wp-block-themeisle-blocks-advanced-heading-01a12365\">AGENDA<\/h1>\n<\/div>\n<\/div><\/div>\n\n\n\n<div id=\"wp-block-themeisle-blocks-advanced-columns-173cc200\" class=\"wp-block-themeisle-blocks-advanced-columns has-1-columns has-desktop-equal-layout has-tablet-equal-layout has-mobile-equal-layout has-vertical-unset\"><div class=\"wp-block-themeisle-blocks-advanced-columns-overlay\"><\/div><div class=\"innerblocks-wrap\">\n<div id=\"wp-block-themeisle-blocks-advanced-column-11c03dee\" class=\"wp-block-themeisle-blocks-advanced-column\">\n<h2 class=\"has-text-align-center\">A venir<\/h2>\n\n\n\n<p class=\"has-text-align-center has-nv-c-2-color has-text-color has-medium-font-size\"><\/p>\n\n\n\n<h2 class=\"has-text-align-center\">Archives<\/h2>\n\n\n\n<div id=\"wp-block-themeisle-blocks-advanced-columns-f3e5697b\" class=\"wp-block-themeisle-blocks-advanced-columns has-3-columns has-desktop-equal-layout has-tablet-equal-layout has-mobile-collapsedRows-layout has-vertical-unset\"><div class=\"wp-block-themeisle-blocks-advanced-columns-overlay\"><\/div><div class=\"innerblocks-wrap\">\n<div id=\"wp-block-themeisle-blocks-advanced-column-8843554b\" class=\"wp-block-themeisle-blocks-advanced-column\">\n<h3 id=\"wp-block-themeisle-blocks-advanced-heading-6551ee6d\" class=\"wp-block-themeisle-blocks-advanced-heading wp-block-themeisle-blocks-advanced-heading-6551ee6d\">ATLAS 4TET<\/h3>\n\n\n\n<ul>\n<li>11\/04\/24 &#8211; Caf\u00e9 international, Besan\u00e7on (25)<br>23\/02\/24 &#8211; Le Farfelien, Gigny sur Sa\u00f4ne (71)<\/li>\n\n\n\n<li>09\/12\/23 &#8211; Le Cendar, Pau (64)<br>08\/12\/23 &#8211; Jazz \u00e0 Oloron, Oloron (64)<br>07\/12\/23 &#8211; L&rsquo;Anthropo, Perpignan (66)<br>26\/04\/23 &#8211; Le P\u00e9riscope, Lyon (69)<\/li>\n\n\n\n<li>10\/12\/22 &#8211; Maison de la Terre, Poucharramet (31)<br>09\/12\/22 &#8211; Le Taquin, Toulouse (31)<br>04\/11\/22 &#8211; Le Galpon, Tournus (71)<br>11\/09\/22 &#8211; Lunatic festival, Quingey (25)<br>15\/07\/22 &#8211; Jazz en Herbe, Pont de Veyle (01)<br>8\/07\/22 &#8211; Jazz \u00e0 Semur, Semur en Auxois (21)<br>7\/07\/22 &#8211; Jazz \u00e0 Couches, Couches (71)<br>9\/04\/22 &#8211; Le Crescent, M\u00e2con (71)<br>1\/04\/22 &#8211; L\u2019Arrosoir, Chalon sur Sa\u00f4ne (71)<br>26\/03\/22 &#8211; La Fraternelle, Saint-Claude (39)<br>25\/03\/22 &#8211; Le Lion d\u2019Or, Simandre (71)<br>10\/02\/22 &#8211; D\u2019Jazz Nevers, Nevers (58)<br>8\/02\/22 &#8211; De l\u2019autre c\u00f4te du pont, Lyon (69)<\/li>\n\n\n\n<li>7\/07\/21 &#8211; Altitude jazz festival, Brian\u00e7on (05)<br>6\/07\/21 &#8211; Concert en jardin, Brian\u00e7on (05)<br>6\/05\/21 : Le P\u00e9riscope, Lyon (69) &#8211; livestream<\/li>\n\n\n\n<li>20\/02\/20 : Larural, Cr\u00e9on (33)&nbsp;<br>07\/02\/20 : Le Crescent, M\u00e2con (71)&nbsp;<\/li>\n\n\n\n<li>02\/08\/19 : Estival de Jazz en Herbe, Tournus (71)<br>27\/04\/19 : Vin Jazz, Le Ch\u00e2tel (73)&nbsp;<br>27\/03\/19 : Atheneum, Dijon (21)<br>08\/02\/19 : Nid de Poule, Lyon (69)&nbsp;<br>19\/01\/19 : La Caval&rsquo;Arte, Tain l&rsquo;Hermitage (07)<\/li>\n\n\n\n<li>06\/07\/18 : Jazz \u00e0 Vienne, Vienne (38)&nbsp;<br>18\/02\/18 : Th\u00e9rapie du Kinoscope, Lyon (69)<br>11\/01\/18 : la boulangerie du Prado, Lyon (69)&nbsp;<\/li>\n\n\n\n<li>04\/11\/17 : le Galpon, Tournus (71)&nbsp;<br>24\/09\/17 : Festival Lamartine \u00e0 la plage, Lyon (69)<br>25\/05\/17 : Clef de Vo\u00fbte, Lyon (69)&nbsp;<br>25\/04\/17 : Labo Music Bar, Lyon (69)&nbsp;<br>25\/02\/17 : P\u00e9riscope, Lyon (69)<\/li>\n<\/ul>\n<\/div>\n\n\n\n<div id=\"wp-block-themeisle-blocks-advanced-column-450bb99b\" class=\"wp-block-themeisle-blocks-advanced-column\">\n<h3 id=\"wp-block-themeisle-blocks-advanced-heading-90c1434d\" class=\"wp-block-themeisle-blocks-advanced-heading wp-block-themeisle-blocks-advanced-heading-90c1434d\">BEZZIB<\/h3>\n\n\n\n<ul>\n<li>29\/06\/24 &#8211; Quartier M\u00e9tisseur, Lamure-sur-Azergues (69)<\/li>\n\n\n\n<li>06\/10\/23 &#8211; La base, Chamboulive (19)<br>22\/09\/23 &#8211; Auberge du Larmont, Pontarlier (25)<br>22\/04\/23 &#8211; Le Galpon, Tournus (71)<br>08\/02\/23 &#8211; Sortie de r\u00e9sidence, P\u00e9riscope, Lyon (69)<br>23\/01\/23: Altitude Jazz Festival, Brian\u00e7on (04)<\/li>\n\n\n\n<li>29\/03\/19 &#8211; Festival Quand les souris dansent #11 &#8211; Lyon (69)<br>01-02\/03\/19 &#8211; Les nuits de la roulotte &#8211; Chamb\u00e9ry (73)<br>16\/02\/19 &#8211; P\u00e9niche Cancale &#8211; Dijon (21)<br>12\/02\/19 &#8211; Th\u00e9\u00e2tre de l&rsquo;Astr\u00e9e &#8211; Villeurbanne (69) &#8211; La Doua<\/li>\n\n\n\n<li><em>\u200b<\/em>20-21-22\/08\/18 &#8211; Le peristyle &#8211; Amphi Op\u00e9ra &#8211; Lyon (69)<br>10\/07\/18 &#8211; Festival La Guill&rsquo; en f\u00eate &nbsp;&#8211;&nbsp; organis\u00e9 par la Salle des Rancy &#8211; Lyon (69)<br>15\/05\/18 &#8211; Le March\u00e9 Gare &#8211; Showcase CMTRA &#8211; Lyon (69)<br>15\/01\/18 &#8211; Eglise de St Martin de Belleville &#8211; St Martin de Belleville&nbsp;(73)<\/li>\n\n\n\n<li><em>\u200b<\/em>25\/11\/17 &#8211; Le Galpon &#8211; Tournus (71)<br>23\/11\/17 &#8211; Boulangerie du Prado &#8211; Lyon (69)<br>14\/10\/17 &#8211; Grange du Phaux &#8211; Noir\u00e9table (42)<br>06\/04\/17 &#8211; Le Zelig &#8211; Lausanne, Suisse<br>03\/03\/17 &#8211; L&rsquo;Origo &#8211; Lyon (69)<br>10\/01\/17 &#8211; Ninkasi Gerland &#8211; Lyon (69)<\/li>\n\n\n\n<li>\u200b10\/09\/16 &#8211; Lunatic Festival &#8211; Quingey (25)<br>22-24\/07\/16 &#8211; Festival Ch\u00e2lon dans la rue &#8211; Ch\u00e2lon sur Sa\u00f4ne (71)<br>20\/07\/16 &#8211; Centre social Arc en Ciel &#8211; Saint Fons (69)<\/li>\n<\/ul>\n\n\n\n<p><strong>\u200b<\/strong><\/p>\n<\/div>\n\n\n\n<div id=\"wp-block-themeisle-blocks-advanced-column-23325cd7\" class=\"wp-block-themeisle-blocks-advanced-column\">\n<h3 id=\"wp-block-themeisle-blocks-advanced-heading-37185c50\" class=\"wp-block-themeisle-blocks-advanced-heading wp-block-themeisle-blocks-advanced-heading-37185c50\">MEGAPTERA<\/h3>\n\n\n\n<ul>\n<li>9\/09\/23 &#8211; 3C, Aix-en-Provence (13)<br>22\/01\/23: Altitude Jazz Festival, Brian\u00e7on<\/li>\n\n\n\n<li>30\/07\/22: Festival des Fromages de Ch\u00e8vres, Courzieu<br>16\/04\/22: Le Gouleyou, Bor\u00e9e<br>02\/04\/22: Le Quartier M\u00e9tisseur, Lamure sur Azergues<br>01\/02\/22: Le P\u00e9riscope, Lyon<\/li>\n\n\n\n<li>10\/10\/21: Festival C&rsquo;est quoi ce baz&rsquo;art, Grandris<\/li>\n<\/ul>\n<\/div>\n<\/div><\/div>\n<\/div>\n<\/div><\/div>\n","protected":false},"excerpt":{"rendered":"","protected":false},"author":1,"featured_media":0,"parent":0,"menu_order":0,"comment_status":"closed","ping_status":"closed","template":"","meta":{"neve_meta_sidebar":"","neve_meta_container":"","neve_meta_enable_content_width":"","neve_meta_content_width":0,"neve_meta_title_alignment":"","neve_meta_author_avatar":"","neve_post_elements_order":"","neve_meta_disable_header":"","neve_meta_disable_footer":"","neve_meta_disable_title":"","_themeisle_gutenberg_block_has_review":false,"_ti_tpc_template_sync":false,"_ti_tpc_template_id":""},"_links":{"self":[{"href":"http:\/\/lechampdesbaleines.com\/index.php\/wp-json\/wp\/v2\/pages\/475"}],"collection":[{"href":"http:\/\/lechampdesbaleines.com\/index.php\/wp-json\/wp\/v2\/pages"}],"about":[{"href":"http:\/\/lechampdesbaleines.com\/index.php\/wp-json\/wp\/v2\/types\/page"}],"author":[{"embeddable":true,"href":"http:\/\/lechampdesbaleines.com\/index.php\/wp-json\/wp\/v2\/users\/1"}],"replies":[{"embeddable":true,"href":"http:\/\/lechampdesbaleines.com\/index.php\/wp-json\/wp\/v2\/comments?post=475"}],"version-history":[{"count":48,"href":"http:\/\/lechampdesbaleines.com\/index.php\/wp-json\/wp\/v2\/pages\/475\/revisions"}],"predecessor-version":[{"id":941,"href":"http:\/\/lechampdesbaleines.com\/index.php\/wp-json\/wp\/v2\/pages\/475\/revisions\/941"}],"wp:attachment":[{"href":"http:\/\/lechampdesbaleines.com\/index.php\/wp-json\/wp\/v2\/media?parent=475"}],"curies":[{"name":"wp","href":"https:\/\/api.w.org\/{rel}","templated":true}]}}